{"id":86,"date":"2023-09-24T04:26:14","date_gmt":"2023-09-24T02:26:14","guid":{"rendered":"https:\/\/vilcieni.lv\/?page_id=86"},"modified":"2023-09-24T04:45:30","modified_gmt":"2023-09-24T02:45:30","slug":"kas-ir-dzelzcela-modeli","status":"publish","type":"page","link":"https:\/\/vilcieni.lv\/?page_id=86","title":{"rendered":"Kas ir dzelzce\u013ca mode\u013ci?"},"content":{"rendered":"[et_pb_section fb_built=&#8221;1&#8243; admin_label=&#8221;section&#8221; _builder_version=&#8221;3.22&#8243;][et_pb_row admin_label=&#8221;row&#8221; _builder_version=&#8221;3.25&#8243; background_size=&#8221;initial&#8221; background_position=&#8221;top_left&#8221; background_repeat=&#8221;repeat&#8221;][et_pb_column type=&#8221;4_4&#8243; _builder_version=&#8221;3.25&#8243; custom_padding=&#8221;|||&#8221; custom_padding__hover=&#8221;|||&#8221;][et_pb_text admin_label=&#8221;Text&#8221; _builder_version=&#8221;3.27.4&#8243; background_size=&#8221;initial&#8221; background_position=&#8221;top_left&#8221; background_repeat=&#8221;repeat&#8221;]\n<p><\/p>\n\n\n\n<p><\/p>\n[\/et_pb_text][et_pb_text _builder_version=&#8221;4.4.6&#8243; hover_enabled=&#8221;0&#8243;]<h1 style=\"text-align: center;\"><span>Kas ir dzelzce\u013ca mode\u013ci<\/span><\/h1>\n<p><span><\/span><\/p>\n[\/et_pb_text][et_pb_image src=&#8221;http:\/\/vilcieni.lv\/wp-content\/uploads\/2023\/09\/Gulbene_makets5.jpg&#8221; title_text=&#8221;Gulbene_makets5&#8243; align=&#8221;center&#8221; _builder_version=&#8221;4.4.6&#8243; hover_enabled=&#8221;0&#8243;][\/et_pb_image][et_pb_text _builder_version=&#8221;4.4.6&#8243; text_font_size=&#8221;20px&#8221; hover_enabled=&#8221;0&#8243;]<p><span><em><strong>Dzelzce\u013ca mode\u013ci<\/strong> <\/em>ir m\u0113roga dzelzce\u013ca sist\u0113mu replikas, kas ir izmantotas izgl\u012bt\u012bbai, izp\u0113tei, izklaidei vai hobijam. <\/span><\/p>\n<p><span>\u0160ie mode\u013ci ir k\u0101 mazas dzelzce\u013ca sist\u0113mas, kas atveido \u012bstu dzelzce\u013ca darb\u012bbu un infrastrukt\u016bru maz\u0101k\u0101 m\u0113rog\u0101. Dzelzce\u013ca mode\u013cu izveide un darbin\u0101\u0161ana ir popul\u0101rs hobijs daudz\u0101s valst\u012bs un var ietvert da\u017e\u0101dus m\u0113rogu un sare\u017e\u0123\u012bt\u012bbas l\u012bme\u0146us. <\/span><\/p>\n[\/et_pb_text][et_pb_image src=&#8221;http:\/\/vilcieni.lv\/wp-content\/uploads\/2023\/09\/papira_modelis1.jpg&#8221; title_text=&#8221;papira_modelis1&#8243; align=&#8221;center&#8221; _builder_version=&#8221;4.4.6&#8243; hover_enabled=&#8221;0&#8243;][\/et_pb_image][et_pb_text _builder_version=&#8221;4.4.6&#8243; text_font_size=&#8221;20px&#8221; hover_enabled=&#8221;0&#8243;]<p><em><strong>M\u0113rogs<\/strong><\/em><span><em>:<\/em> Dzelzce\u013ca mode\u013ci tiek veidoti da\u017e\u0101d\u0101s m\u0113rog\u0101s. Visizplat\u012bt\u0101kie dzelzce\u013ca m\u0113rogi ietver HO (1:87), N (1:160), O (1:48), un Z (1:220). Katrs no \u0161iem m\u0113rogiem paredz\u0113ts atbilsto\u0161i konkr\u0113t\u0101m izm\u0113ru proporcij\u0101m.<\/span><\/p>\n[\/et_pb_text][et_pb_image src=&#8221;http:\/\/vilcieni.lv\/wp-content\/uploads\/2023\/09\/ak_modeli_1.jpg&#8221; title_text=&#8221;ak_modeli_1&#8243; align=&#8221;center&#8221; _builder_version=&#8221;4.4.6&#8243; hover_enabled=&#8221;0&#8243;][\/et_pb_image][et_pb_text _builder_version=&#8221;4.4.6&#8243; text_font_size=&#8221;20px&#8221; hover_enabled=&#8221;0&#8243;]<p><em><strong>Ekspluat\u0101cijas veids<\/strong><\/em><span><em>:<\/em> Dzelzce\u013ca mode\u013ci var b\u016bt statiski (vienk\u0101r\u0161i uzst\u0101d\u012bti izst\u0101d\u0113s vai skapjos) vai darbin\u0101mi (ar vad\u0101miem vilcieniem un dzelzce\u013ca strukt\u016br\u0101m, kas atbilst re\u0101lajam dzelzce\u013cam).<\/span><\/p>\n[\/et_pb_text][et_pb_image src=&#8221;http:\/\/vilcieni.lv\/wp-content\/uploads\/2023\/09\/ak_modeli_2.jpg&#8221; title_text=&#8221;ak_modeli_2&#8243; align=&#8221;center&#8221; _builder_version=&#8221;4.4.6&#8243; hover_enabled=&#8221;0&#8243;][\/et_pb_image][et_pb_text _builder_version=&#8221;4.4.6&#8243; text_font_size=&#8221;20px&#8221; hover_enabled=&#8221;0&#8243;]<p><em><strong>Vilcienu un infrastrukt\u016bras detaliz\u0101cija<\/strong><\/em><span><em>:<\/em> Mode\u013ci var at\u0161\u0137irties p\u0113c detaliz\u0101cijas l\u012bme\u0146a un kvalit\u0101tes. Da\u017ei entuziasti velta daudz laika un resursu, lai veidotu \u013coti detaliz\u0113tas vilcienu replikas un dzelzce\u013ca ainavas.<\/span><\/p>\n[\/et_pb_text][et_pb_image src=&#8221;http:\/\/vilcieni.lv\/wp-content\/uploads\/2023\/09\/ak_modeli_3.jpg&#8221; title_text=&#8221;ak_modeli_3&#8243; align=&#8221;center&#8221; _builder_version=&#8221;4.4.6&#8243; hover_enabled=&#8221;0&#8243;][\/et_pb_image][et_pb_text _builder_version=&#8221;4.4.6&#8243; text_font_size=&#8221;20px&#8221; hover_enabled=&#8221;0&#8243;]<p><em><strong>T\u0113ma un laika periods<\/strong><\/em><span><em>:<\/em> Dzelzce\u013ca mode\u013ci var atspogu\u013cot da\u017e\u0101das dzelzce\u013ca eras un valstis, k\u0101 ar\u012b fant\u0101zijas pasauli, piem\u0113ram, dzelzce\u013ca ce\u013cojumus fant\u0101zijas pasaules ainav\u0101.<\/span><\/p>\n[\/et_pb_text][et_pb_image src=&#8221;http:\/\/vilcieni.lv\/wp-content\/uploads\/2023\/09\/ak_modeli_4.jpg&#8221; title_text=&#8221;ak_modeli_4&#8243; align=&#8221;center&#8221; _builder_version=&#8221;4.4.6&#8243; hover_enabled=&#8221;0&#8243;][\/et_pb_image][et_pb_text _builder_version=&#8221;4.4.6&#8243; text_font_size=&#8221;20px&#8221; hover_enabled=&#8221;0&#8243;]<p><em><strong>Kolekcion\u0113\u0161ana un sacens\u012bbas<\/strong><\/em><span><em>:<\/em> Da\u017ei cilv\u0113ki kolekcion\u0113 dzelzce\u013ca mode\u013cus, savuk\u0101rt citi piedal\u0101s dzelzce\u013ca mode\u013cu sacens\u012bb\u0101s un izst\u0101d\u0113s, kur tiek nov\u0113rt\u0113ta izcil\u012bba un rado\u0161ums mode\u013cu izveid\u0113 un darbin\u0101\u0161an\u0101.<\/span><\/p>\n[\/et_pb_text][et_pb_image src=&#8221;http:\/\/vilcieni.lv\/wp-content\/uploads\/2023\/09\/ak_modeli_6.jpg&#8221; title_text=&#8221;ak_modeli_6&#8243; align=&#8221;center&#8221; _builder_version=&#8221;4.4.6&#8243; hover_enabled=&#8221;0&#8243;][\/et_pb_image][et_pb_text _builder_version=&#8221;4.4.6&#8243; text_font_size=&#8221;20px&#8221; hover_enabled=&#8221;0&#8243;]<p><em><strong>Izp\u0113te un izgl\u012bt\u012bba<\/strong><\/em><span><em>:<\/em> Dzelzce\u013ca mode\u013ci tiek izmantoti ar\u012b izgl\u012bt\u012bbas nol\u016bkiem un zin\u0101tniskiem p\u0113t\u012bjumiem, lai saprastu dzelzce\u013ca sist\u0113mas un tehnolo\u0123iju darb\u012bbu.<\/span><\/p>\n[\/et_pb_text][et_pb_image src=&#8221;http:\/\/vilcieni.lv\/wp-content\/uploads\/2023\/09\/ak_modeli_7.jpg&#8221; title_text=&#8221;ak_modeli_7&#8243; align=&#8221;center&#8221; _builder_version=&#8221;4.4.6&#8243; hover_enabled=&#8221;0&#8243;][\/et_pb_image][et_pb_text _builder_version=&#8221;4.4.6&#8243; text_font_size=&#8221;20px&#8221; hover_enabled=&#8221;0&#8243;]<p><span>Kopum\u0101 dzelzce\u013ca mode\u013ci pied\u0101v\u0101 daudzveid\u012bgu veidu, k\u0101 izteikt interesi par dzelzce\u013ciem un izbaud\u012bt dzelzce\u013ca pasaules skaistumu un sare\u017e\u0123\u012bt\u012bbu maz\u0101k\u0101 m\u0113rog\u0101. Tas ir popul\u0101rs un aizraujo\u0161s hobijs, kas piesaista cilv\u0113kus vis\u0101 pasaul\u0113.<\/span><\/p>\n[\/et_pb_text][et_pb_image src=&#8221;http:\/\/vilcieni.lv\/wp-content\/uploads\/2023\/09\/ak_modeli_5.jpg&#8221; title_text=&#8221;ak_modeli_5&#8243; align=&#8221;center&#8221; _builder_version=&#8221;4.4.6&#8243; hover_enabled=&#8221;0&#8243;][\/et_pb_image][\/et_pb_column][\/et_pb_row][\/et_pb_section]","protected":false},"excerpt":{"rendered":"<p>[et_pb_section fb_built=&#8221;1&#8243; admin_label=&#8221;section&#8221; _builder_version=&#8221;3.22&#8243;][et_pb_row admin_label=&#8221;row&#8221; _builder_version=&#8221;3.25&#8243; background_size=&#8221;initial&#8221; background_position=&#8221;top_left&#8221; background_repeat=&#8221;repeat&#8221;][et_pb_column type=&#8221;4_4&#8243; _builder_version=&#8221;3.25&#8243; custom_padding=&#8221;|||&#8221; custom_padding__hover=&#8221;|||&#8221;][et_pb_text admin_label=&#8221;Text&#8221; _builder_version=&#8221;3.27.4&#8243; background_size=&#8221;initial&#8221; background_position=&#8221;top_left&#8221; background_repeat=&#8221;repeat&#8221;] [\/et_pb_text][et_pb_text _builder_version=&#8221;4.4.6&#8243; hover_enabled=&#8221;0&#8243;] Kas ir dzelzce\u013ca mode\u013ci [\/et_pb_text][et_pb_image src=&#8221;http:\/\/vilcieni.lv\/wp-content\/uploads\/2023\/09\/Gulbene_makets5.jpg&#8221; title_text=&#8221;Gulbene_makets5&#8243; align=&#8221;center&#8221; _builder_version=&#8221;4.4.6&#8243; hover_enabled=&#8221;0&#8243;][\/et_pb_image][et_pb_text _builder_version=&#8221;4.4.6&#8243; text_font_size=&#8221;20px&#8221; hover_enabled=&#8221;0&#8243;] Dzelzce\u013ca mode\u013ci ir m\u0113roga dzelzce\u013ca sist\u0113mu replikas, kas ir izmantotas izgl\u012bt\u012bbai, izp\u0113tei, izklaidei vai hobijam. \u0160ie mode\u013ci ir k\u0101 mazas dzelzce\u013ca [&hellip;]<\/p>\n","protected":false},"author":1,"featured_media":0,"parent":0,"menu_order":0,"comment_status":"closed","ping_status":"closed","template":"","meta":{"_et_pb_use_builder":"on","_et_pb_old_content":"","_et_gb_content_width":"","footnotes":""},"_links":{"self":[{"href":"https:\/\/vilcieni.lv\/index.php?rest_route=\/wp\/v2\/pages\/86"}],"collection":[{"href":"https:\/\/vilcieni.lv\/index.php?rest_route=\/wp\/v2\/pages"}],"about":[{"href":"https:\/\/vilcieni.lv\/index.php?rest_route=\/wp\/v2\/types\/page"}],"author":[{"embeddable":true,"href":"https:\/\/vilcieni.lv\/index.php?rest_route=\/wp\/v2\/users\/1"}],"replies":[{"embeddable":true,"href":"https:\/\/vilcieni.lv\/index.php?rest_route=%2Fwp%2Fv2%2Fcomments&post=86"}],"version-history":[{"count":5,"href":"https:\/\/vilcieni.lv\/index.php?rest_route=\/wp\/v2\/pages\/86\/revisions"}],"predecessor-version":[{"id":103,"href":"https:\/\/vilcieni.lv\/index.php?rest_route=\/wp\/v2\/pages\/86\/revisions\/103"}],"wp:attachment":[{"href":"https:\/\/vilcieni.lv\/index.php?rest_route=%2Fwp%2Fv2%2Fmedia&parent=86"}],"curies":[{"name":"wp","href":"https:\/\/api.w.org\/{rel}","templated":true}]}}