{"id":72,"date":"2023-09-24T03:52:21","date_gmt":"2023-09-24T01:52:21","guid":{"rendered":"https:\/\/vilcieni.lv\/?page_id=72"},"modified":"2023-09-24T04:19:00","modified_gmt":"2023-09-24T02:19:00","slug":"kas-ir-makets","status":"publish","type":"page","link":"https:\/\/vilcieni.lv\/?page_id=72","title":{"rendered":"Kas ir makets?"},"content":{"rendered":"[et_pb_section fb_built=&#8221;1&#8243; admin_label=&#8221;section&#8221; _builder_version=&#8221;3.22&#8243;][et_pb_row admin_label=&#8221;row&#8221; _builder_version=&#8221;3.25&#8243; background_size=&#8221;initial&#8221; background_position=&#8221;top_left&#8221; background_repeat=&#8221;repeat&#8221;][et_pb_column type=&#8221;4_4&#8243; _builder_version=&#8221;3.25&#8243; custom_padding=&#8221;|||&#8221; custom_padding__hover=&#8221;|||&#8221;][et_pb_text admin_label=&#8221;Text&#8221; _builder_version=&#8221;3.27.4&#8243; background_size=&#8221;initial&#8221; background_position=&#8221;top_left&#8221; background_repeat=&#8221;repeat&#8221;]\n<p><\/p>\n\n\n\n<p><\/p>\n[\/et_pb_text][et_pb_text _builder_version=&#8221;4.4.6&#8243; hover_enabled=&#8221;0&#8243;]<h1 style=\"text-align: center;\"><span>Kas ir makets?<\/span><\/h1>\n<p><span><\/span><\/p>[\/et_pb_text][et_pb_image src=&#8221;http:\/\/vilcieni.lv\/wp-content\/uploads\/2023\/09\/Gulbene_makets0.jpg&#8221; _builder_version=&#8221;4.4.6&#8243; title_text=&#8221;Gulbene_makets0&#8243; align=&#8221;center&#8221; hover_enabled=&#8221;0&#8243;][\/et_pb_image][et_pb_text _builder_version=&#8221;4.4.6&#8243; hover_enabled=&#8221;0&#8243; text_font_size=&#8221;20px&#8221;]<p><span><em><strong>Makets<\/strong><\/em>\u00a0ir m\u0101ksl\u012bga vai samazin\u0101ta replika, kas tiek izmantota, lai atveidotu k\u0101du \u012bsto objektu, vietu vai sist\u0113mu, lai izp\u0113t\u012btu, izgl\u012btotu vai demonstr\u0113tu konkr\u0113tus aspektus vai dizainu. <\/span><\/p>\n<p><span>Maketi tiek izveidoti da\u017e\u0101dos m\u0113rogos un ar da\u017e\u0101d\u0101m detaliz\u0101cijas pak\u0101p\u0113m atkar\u012bb\u0101 no to m\u0113r\u0137a un lietojuma. <\/span><\/p>\n<p><strong>Dzelzce\u013ca mode\u013ci<\/strong><span>\u00a0ir maketi, kas atveido dzelzce\u013ca sist\u0113mas maz\u0101k\u0101 m\u0113rog\u0101. Tie var tikt izmantoti izgl\u012bto\u0161iem nol\u016bkiem, izpriecu vai pat transporta in\u017eenierijas izp\u0113tei.<\/span><\/p>\n<p><span>Maketi var b\u016bt statiski vai interakt\u012bvi, atkar\u012bb\u0101 no m\u0113r\u0137a. Tos izmanto izgl\u012bt\u012bbas, izp\u0113tes, m\u0101kslas un izklaides nol\u016bkiem, un tie var b\u016bt noder\u012bgi r\u012bki, lai padzi\u013cin\u0101ti izp\u0113t\u012btu un saprastu da\u017e\u0101dus objektus un sist\u0113mas.<\/span><\/p>\n<p><span><\/span><\/p>\n[\/et_pb_text][et_pb_image src=&#8221;http:\/\/vilcieni.lv\/wp-content\/uploads\/2023\/09\/Gulbene_makets2.jpg&#8221; _builder_version=&#8221;4.4.6&#8243; title_text=&#8221;Gulbene_makets2&#8243; align=&#8221;center&#8221; hover_enabled=&#8221;0&#8243;][\/et_pb_image][et_pb_text _builder_version=&#8221;4.4.6&#8243; hover_enabled=&#8221;0&#8243;]<h1 style=\"text-align: center;\"><span>Kas ir diorama?<\/span><\/h1>\n[\/et_pb_text][et_pb_text _builder_version=&#8221;4.4.6&#8243; hover_enabled=&#8221;0&#8243; text_font_size=&#8221;20px&#8221;]<p><span><em><strong>Diorama<\/strong><\/em> ir ainava, kas tiek izveidota, lai att\u0113lotu konkr\u0113tu vietu, notikumu vai situ\u0101ciju. <\/span><\/p>\n[\/et_pb_text][et_pb_image src=&#8221;http:\/\/vilcieni.lv\/wp-content\/uploads\/2023\/09\/Gulbene_makets3.jpg&#8221; _builder_version=&#8221;4.4.6&#8243; title_text=&#8221;Gulbene_makets3&#8243; align=&#8221;center&#8221; hover_enabled=&#8221;0&#8243;][\/et_pb_image][et_pb_text _builder_version=&#8221;4.4.6&#8243; text_font_size=&#8221;20px&#8221; hover_enabled=&#8221;0&#8243;]<p><span>Dioramas bie\u017ei izmanto, lai vizu\u0101li st\u0101st\u012btu st\u0101stu vai atveidotu konkr\u0113tas v\u0113sturiskas, dabiskas vai fantastiskas situ\u0101cijas. Dioramas ir ievietotas kast\u0113 vai ietvertas iek\u0161\u0113jiem telpu strukt\u016br\u0101m, lai rad\u012btu efektu, ka skat\u0101ma ainava ir iekapsul\u0113ta un nov\u0113rojama no \u0101rpuses.<\/span><\/p>\n[\/et_pb_text][et_pb_image src=&#8221;http:\/\/vilcieni.lv\/wp-content\/uploads\/2023\/04\/uzberums_03.jpg&#8221; _builder_version=&#8221;4.4.6&#8243; title_text=&#8221;uzberums_03&#8243; align=&#8221;center&#8221; hover_enabled=&#8221;0&#8243;][\/et_pb_image][et_pb_text _builder_version=&#8221;4.4.6&#8243; text_font_size=&#8221;20px&#8221; hover_enabled=&#8221;0&#8243;]<p><span>Dioramas bie\u017ei tiek izmantotas izgl\u012bt\u012bbas nol\u016bkiem, muzejiem, izp\u0113tes projektiem, m\u0101kslas darbiem un pat izklaidei. T\u0101s var b\u016bt \u013coti detaliz\u0113tas un prec\u012bzi veidotas, izmantojot da\u017e\u0101dus materi\u0101lus, piem\u0113ram, m\u0101lu, kokus, audumus, plastmasu, met\u0101lu un citus.<\/span><\/p>\n[\/et_pb_text][et_pb_image src=&#8221;http:\/\/vilcieni.lv\/wp-content\/uploads\/2023\/09\/Gulbene_makets4.jpg&#8221; _builder_version=&#8221;4.4.6&#8243; title_text=&#8221;Gulbene_makets4&#8243; align=&#8221;center&#8221; hover_enabled=&#8221;0&#8243;][\/et_pb_image][et_pb_text _builder_version=&#8221;4.4.6&#8243; text_font_size=&#8221;20px&#8221; hover_enabled=&#8221;0&#8243;]<p><span>Dioramas var b\u016bt gan nelielas un vienk\u0101r\u0161as, gan lielas un \u013coti detaliz\u0113tas, atkar\u012bb\u0101 no m\u0113r\u0137a un izveidot\u0101ja rado\u0161uma. T\u0101s ir izcili r\u012bki, lai vizu\u0101li atveidotu un izst\u0101st\u012btu da\u017e\u0101das st\u0101stus un v\u0113stures momentus.<\/span><\/p>\n[\/et_pb_text][\/et_pb_column][\/et_pb_row][\/et_pb_section]","protected":false},"excerpt":{"rendered":"<p>[et_pb_section fb_built=&#8221;1&#8243; admin_label=&#8221;section&#8221; _builder_version=&#8221;3.22&#8243;][et_pb_row admin_label=&#8221;row&#8221; _builder_version=&#8221;3.25&#8243; background_size=&#8221;initial&#8221; background_position=&#8221;top_left&#8221; background_repeat=&#8221;repeat&#8221;][et_pb_column type=&#8221;4_4&#8243; _builder_version=&#8221;3.25&#8243; custom_padding=&#8221;|||&#8221; custom_padding__hover=&#8221;|||&#8221;][et_pb_text admin_label=&#8221;Text&#8221; _builder_version=&#8221;3.27.4&#8243; background_size=&#8221;initial&#8221; background_position=&#8221;top_left&#8221; background_repeat=&#8221;repeat&#8221;] [\/et_pb_text][et_pb_text _builder_version=&#8221;4.4.6&#8243; hover_enabled=&#8221;0&#8243;] Kas ir makets? [\/et_pb_text][et_pb_image src=&#8221;http:\/\/vilcieni.lv\/wp-content\/uploads\/2023\/09\/Gulbene_makets0.jpg&#8221; _builder_version=&#8221;4.4.6&#8243; title_text=&#8221;Gulbene_makets0&#8243; align=&#8221;center&#8221; hover_enabled=&#8221;0&#8243;][\/et_pb_image][et_pb_text _builder_version=&#8221;4.4.6&#8243; hover_enabled=&#8221;0&#8243; text_font_size=&#8221;20px&#8221;] Makets\u00a0ir m\u0101ksl\u012bga vai samazin\u0101ta replika, kas tiek izmantota, lai atveidotu k\u0101du \u012bsto objektu, vietu vai sist\u0113mu, lai izp\u0113t\u012btu, izgl\u012btotu vai demonstr\u0113tu konkr\u0113tus [&hellip;]<\/p>\n","protected":false},"author":1,"featured_media":0,"parent":0,"menu_order":0,"comment_status":"closed","ping_status":"closed","template":"","meta":{"_et_pb_use_builder":"on","_et_pb_old_content":"<!-- wp:paragraph -->\n<p><\/p>\n<!-- \/wp:paragraph -->\n\n<!-- wp:paragraph -->\n<p><\/p>\n<!-- \/wp:paragraph -->","_et_gb_content_width":"","footnotes":""},"_links":{"self":[{"href":"https:\/\/vilcieni.lv\/index.php?rest_route=\/wp\/v2\/pages\/72"}],"collection":[{"href":"https:\/\/vilcieni.lv\/index.php?rest_route=\/wp\/v2\/pages"}],"about":[{"href":"https:\/\/vilcieni.lv\/index.php?rest_route=\/wp\/v2\/types\/page"}],"author":[{"embeddable":true,"href":"https:\/\/vilcieni.lv\/index.php?rest_route=\/wp\/v2\/users\/1"}],"replies":[{"embeddable":true,"href":"https:\/\/vilcieni.lv\/index.php?rest_route=%2Fwp%2Fv2%2Fcomments&post=72"}],"version-history":[{"count":5,"href":"https:\/\/vilcieni.lv\/index.php?rest_route=\/wp\/v2\/pages\/72\/revisions"}],"predecessor-version":[{"id":84,"href":"https:\/\/vilcieni.lv\/index.php?rest_route=\/wp\/v2\/pages\/72\/revisions\/84"}],"wp:attachment":[{"href":"https:\/\/vilcieni.lv\/index.php?rest_route=%2Fwp%2Fv2%2Fmedia&parent=72"}],"curies":[{"name":"wp","href":"https:\/\/api.w.org\/{rel}","templated":true}]}}