{"id":2,"date":"2022-02-12T10:05:20","date_gmt":"2022-02-12T07:05:20","guid":{"rendered":"http:\/\/vilcieni.lv\/?page_id=2"},"modified":"2023-09-24T03:18:51","modified_gmt":"2023-09-24T01:18:51","slug":"sample-page","status":"publish","type":"page","link":"https:\/\/vilcieni.lv\/?page_id=2","title":{"rendered":"Paveiktie darbi"},"content":{"rendered":"[et_pb_section admin_label=&#8221;section&#8221;]\n\t\t\t[et_pb_row admin_label=&#8221;row&#8221;]\n\t\t\t\t[et_pb_column type=&#8221;4_4&#8243;][et_pb_text admin_label=&#8221;Text&#8221;]\n<p>Lokomot\u012bve &#8220;ROCKET&#8221;<\/p>\n\n\n\n<figure class=\"wp-block-image size-full is-style-default\"><img decoding=\"async\" loading=\"lazy\" width=\"960\" height=\"638\" src=\"http:\/\/vilcieni.lv\/wp-content\/uploads\/2023\/04\/rocket.jpg\" alt=\"\" class=\"wp-image-25\" srcset=\"https:\/\/vilcieni.lv\/wp-content\/uploads\/2023\/04\/rocket.jpg 960w, https:\/\/vilcieni.lv\/wp-content\/uploads\/2023\/04\/rocket-300x199.jpg 300w, https:\/\/vilcieni.lv\/wp-content\/uploads\/2023\/04\/rocket-768x510.jpg 768w\" sizes=\"(max-width: 960px) 100vw, 960px\" \/><\/figure>\n\n\n\n<p>Lokomot\u012bve &#8220;PENYDARREN&#8221;<\/p>\n\n\n\n<figure class=\"wp-block-image size-full\"><img decoding=\"async\" loading=\"lazy\" width=\"960\" height=\"638\" src=\"http:\/\/vilcieni.lv\/wp-content\/uploads\/2023\/04\/penydarren.jpg\" alt=\"\" class=\"wp-image-24\" srcset=\"https:\/\/vilcieni.lv\/wp-content\/uploads\/2023\/04\/penydarren.jpg 960w, https:\/\/vilcieni.lv\/wp-content\/uploads\/2023\/04\/penydarren-300x199.jpg 300w, https:\/\/vilcieni.lv\/wp-content\/uploads\/2023\/04\/penydarren-768x510.jpg 768w\" sizes=\"(max-width: 960px) 100vw, 960px\" \/><\/figure>\n\n\n\n<p>Iek\u0101rta &#8220;Gaisa dzelzce\u013c\u0161&#8221;<\/p>\n\n\n\n<figure class=\"wp-block-image size-full\"><img decoding=\"async\" loading=\"lazy\" width=\"960\" height=\"642\" src=\"http:\/\/vilcieni.lv\/wp-content\/uploads\/2023\/04\/gaisa_dz_01.jpg\" alt=\"\" class=\"wp-image-23\" srcset=\"https:\/\/vilcieni.lv\/wp-content\/uploads\/2023\/04\/gaisa_dz_01.jpg 960w, https:\/\/vilcieni.lv\/wp-content\/uploads\/2023\/04\/gaisa_dz_01-300x201.jpg 300w, https:\/\/vilcieni.lv\/wp-content\/uploads\/2023\/04\/gaisa_dz_01-768x514.jpg 768w\" sizes=\"(max-width: 960px) 100vw, 960px\" \/><\/figure>\n\n\n\n<p>Dior\u0101ma &#8220;UB\u0112RUMS&#8221;<\/p>\n\n\n\n<figure class=\"wp-block-image size-full\"><img decoding=\"async\" loading=\"lazy\" width=\"960\" height=\"466\" src=\"http:\/\/vilcieni.lv\/wp-content\/uploads\/2023\/04\/uzberums_01.jpg\" alt=\"\" class=\"wp-image-26\" srcset=\"https:\/\/vilcieni.lv\/wp-content\/uploads\/2023\/04\/uzberums_01.jpg 960w, https:\/\/vilcieni.lv\/wp-content\/uploads\/2023\/04\/uzberums_01-300x146.jpg 300w, https:\/\/vilcieni.lv\/wp-content\/uploads\/2023\/04\/uzberums_01-768x373.jpg 768w\" sizes=\"(max-width: 960px) 100vw, 960px\" \/><\/figure>\n\n\n\n<figure class=\"wp-block-image size-full\"><img decoding=\"async\" loading=\"lazy\" width=\"960\" height=\"466\" src=\"http:\/\/vilcieni.lv\/wp-content\/uploads\/2023\/04\/uzberums_02.jpg\" alt=\"\" class=\"wp-image-27\" srcset=\"https:\/\/vilcieni.lv\/wp-content\/uploads\/2023\/04\/uzberums_02.jpg 960w, https:\/\/vilcieni.lv\/wp-content\/uploads\/2023\/04\/uzberums_02-300x146.jpg 300w, https:\/\/vilcieni.lv\/wp-content\/uploads\/2023\/04\/uzberums_02-768x373.jpg 768w\" sizes=\"(max-width: 960px) 100vw, 960px\" \/><\/figure>\n\n\n\n<figure class=\"wp-block-image size-full\"><img decoding=\"async\" loading=\"lazy\" width=\"960\" height=\"466\" src=\"http:\/\/vilcieni.lv\/wp-content\/uploads\/2023\/04\/uzberums_03.jpg\" alt=\"\" class=\"wp-image-28\" srcset=\"https:\/\/vilcieni.lv\/wp-content\/uploads\/2023\/04\/uzberums_03.jpg 960w, https:\/\/vilcieni.lv\/wp-content\/uploads\/2023\/04\/uzberums_03-300x146.jpg 300w, https:\/\/vilcieni.lv\/wp-content\/uploads\/2023\/04\/uzberums_03-768x373.jpg 768w\" sizes=\"(max-width: 960px) 100vw, 960px\" \/><\/figure>\n\n\n\n<figure class=\"wp-block-image size-full\"><img decoding=\"async\" loading=\"lazy\" width=\"960\" height=\"466\" src=\"http:\/\/vilcieni.lv\/wp-content\/uploads\/2023\/04\/uzberums_04.jpg\" alt=\"\" class=\"wp-image-29\" srcset=\"https:\/\/vilcieni.lv\/wp-content\/uploads\/2023\/04\/uzberums_04.jpg 960w, https:\/\/vilcieni.lv\/wp-content\/uploads\/2023\/04\/uzberums_04-300x146.jpg 300w, https:\/\/vilcieni.lv\/wp-content\/uploads\/2023\/04\/uzberums_04-768x373.jpg 768w\" sizes=\"(max-width: 960px) 100vw, 960px\" \/><\/figure>\n[\/et_pb_text][\/et_pb_column]\n\t\t\t[\/et_pb_row]\n\t\t[\/et_pb_section]","protected":false},"excerpt":{"rendered":"<p>[et_pb_section admin_label=&#8221;section&#8221;] [et_pb_row admin_label=&#8221;row&#8221;] [et_pb_column type=&#8221;4_4&#8243;][et_pb_text admin_label=&#8221;Text&#8221;] Lokomot\u012bve &#8220;ROCKET&#8221; Lokomot\u012bve &#8220;PENYDARREN&#8221; Iek\u0101rta &#8220;Gaisa dzelzce\u013c\u0161&#8221; Dior\u0101ma &#8220;UB\u0112RUMS&#8221; [\/et_pb_text][\/et_pb_column] [\/et_pb_row] [\/et_pb_section]<\/p>\n","protected":false},"author":1,"featured_media":0,"parent":0,"menu_order":0,"comment_status":"closed","ping_status":"open","template":"","meta":{"_et_pb_use_builder":"on","_et_pb_old_content":"<!-- wp:paragraph -->\n<p>Lokomot\u012bve \"ROCKET\"<\/p>\n<!-- \/wp:paragraph -->\n\n<!-- wp:image {\"id\":25,\"sizeSlug\":\"full\",\"linkDestination\":\"none\",\"className\":\"is-style-default\"} -->\n<figure class=\"wp-block-image size-full is-style-default\"><img src=\"http:\/\/vilcieni.lv\/wp-content\/uploads\/2023\/04\/rocket.jpg\" alt=\"\" class=\"wp-image-25\"\/><\/figure>\n<!-- \/wp:image -->\n\n<!-- wp:paragraph -->\n<p>Lokomot\u012bve \"PENYDARREN\"<\/p>\n<!-- \/wp:paragraph -->\n\n<!-- wp:image {\"id\":24,\"sizeSlug\":\"full\",\"linkDestination\":\"none\"} -->\n<figure class=\"wp-block-image size-full\"><img src=\"http:\/\/vilcieni.lv\/wp-content\/uploads\/2023\/04\/penydarren.jpg\" alt=\"\" class=\"wp-image-24\"\/><\/figure>\n<!-- \/wp:image -->\n\n<!-- wp:paragraph -->\n<p>Iek\u0101rta \"Gaisa dzelzce\u013c\u0161\"<\/p>\n<!-- \/wp:paragraph -->\n\n<!-- wp:image {\"id\":23,\"sizeSlug\":\"full\",\"linkDestination\":\"none\"} -->\n<figure class=\"wp-block-image size-full\"><img src=\"http:\/\/vilcieni.lv\/wp-content\/uploads\/2023\/04\/gaisa_dz_01.jpg\" alt=\"\" class=\"wp-image-23\"\/><\/figure>\n<!-- \/wp:image -->\n\n<!-- wp:paragraph -->\n<p>Dior\u0101ma \"UB\u0112RUMS\"<\/p>\n<!-- \/wp:paragraph -->\n\n<!-- wp:image {\"id\":26,\"sizeSlug\":\"full\",\"linkDestination\":\"none\"} -->\n<figure class=\"wp-block-image size-full\"><img src=\"http:\/\/vilcieni.lv\/wp-content\/uploads\/2023\/04\/uzberums_01.jpg\" alt=\"\" class=\"wp-image-26\"\/><\/figure>\n<!-- \/wp:image -->\n\n<!-- wp:image {\"id\":27,\"sizeSlug\":\"full\",\"linkDestination\":\"none\"} -->\n<figure class=\"wp-block-image size-full\"><img src=\"http:\/\/vilcieni.lv\/wp-content\/uploads\/2023\/04\/uzberums_02.jpg\" alt=\"\" class=\"wp-image-27\"\/><\/figure>\n<!-- \/wp:image -->\n\n<!-- wp:image {\"id\":28,\"sizeSlug\":\"full\",\"linkDestination\":\"none\"} -->\n<figure class=\"wp-block-image size-full\"><img src=\"http:\/\/vilcieni.lv\/wp-content\/uploads\/2023\/04\/uzberums_03.jpg\" alt=\"\" class=\"wp-image-28\"\/><\/figure>\n<!-- \/wp:image -->\n\n<!-- wp:image {\"id\":29,\"sizeSlug\":\"full\",\"linkDestination\":\"none\"} -->\n<figure class=\"wp-block-image size-full\"><img src=\"http:\/\/vilcieni.lv\/wp-content\/uploads\/2023\/04\/uzberums_04.jpg\" alt=\"\" class=\"wp-image-29\"\/><\/figure>\n<!-- \/wp:image -->","_et_gb_content_width":"","footnotes":""},"_links":{"self":[{"href":"https:\/\/vilcieni.lv\/index.php?rest_route=\/wp\/v2\/pages\/2"}],"collection":[{"href":"https:\/\/vilcieni.lv\/index.php?rest_route=\/wp\/v2\/pages"}],"about":[{"href":"https:\/\/vilcieni.lv\/index.php?rest_route=\/wp\/v2\/types\/page"}],"author":[{"embeddable":true,"href":"https:\/\/vilcieni.lv\/index.php?rest_route=\/wp\/v2\/users\/1"}],"replies":[{"embeddable":true,"href":"https:\/\/vilcieni.lv\/index.php?rest_route=%2Fwp%2Fv2%2Fcomments&post=2"}],"version-history":[{"count":3,"href":"https:\/\/vilcieni.lv\/index.php?rest_route=\/wp\/v2\/pages\/2\/revisions"}],"predecessor-version":[{"id":64,"href":"https:\/\/vilcieni.lv\/index.php?rest_route=\/wp\/v2\/pages\/2\/revisions\/64"}],"wp:attachment":[{"href":"https:\/\/vilcieni.lv\/index.php?rest_route=%2Fwp%2Fv2%2Fmedia&parent=2"}],"curies":[{"name":"wp","href":"https:\/\/api.w.org\/{rel}","templated":true}]}}