{"id":160,"date":"2023-10-25T15:56:03","date_gmt":"2023-10-25T13:56:03","guid":{"rendered":"https:\/\/vilcieni.lv\/?page_id=160"},"modified":"2023-10-25T17:58:02","modified_gmt":"2023-10-25T15:58:02","slug":"iekartu-noma","status":"publish","type":"page","link":"https:\/\/vilcieni.lv\/?page_id=160","title":{"rendered":"Iek\u0101rtu noma"},"content":{"rendered":"<p>[et_pb_section fb_built=&#8221;1&#8243; _builder_version=&#8221;4.4.6&#8243;][et_pb_row _builder_version=&#8221;4.4.6&#8243;][et_pb_column type=&#8221;4_4&#8243; _builder_version=&#8221;4.4.6&#8243;][et_pb_text _builder_version=&#8221;4.4.6&#8243; header_text_align=&#8221;center&#8221; text_orientation=&#8221;center&#8221; custom_padding=&#8221;||0px|||&#8221;]<\/p>\n<h1 style=\"text-align: center;\">SIA &#8220;VILCIENI&#8221; iek\u0101rtu noma:<\/h1>\n<p>[\/et_pb_text][et_pb_accordion _builder_version=&#8221;4.4.6&#8243; toggle_level=&#8221;h2&#8243; hover_enabled=&#8221;0&#8243;][et_pb_accordion_item title=&#8221;SIA %22VILCIENI%22 iek\u0101rtu noma.&#8221; _builder_version=&#8221;4.4.6&#8243; open=&#8221;off&#8221;]<\/p>\n<p><em><strong><span>M\u0113s pied\u0101v\u0101jam risin\u0101jumus, kas ietaup\u012bs j\u016bsu naudu un laiku. <\/span><\/strong><\/em><\/p>\n<p><em><strong><span>SIA &#8220;Vilcieni&#8221; pie\u0101v\u0101 iek\u0101rtu un ier\u012b\u010du nomas pakalpojums, lai pal\u012bdz\u0113tu Jums viegli un ekonomiski sasniegt savus m\u0113r\u0137us. <\/span><\/strong><\/em><\/p>\n<p><em><strong><span>Aizmirstiet par ieg\u0101des un ekspluat\u0101cijas izdevumiem &#8211; tagad j\u016bs varat nom\u0101t iek\u0101rtas un ier\u012bces, kad t\u0101s jums tie\u0161\u0101m ir nepiecie\u0161amas.<\/span><br \/> <\/strong><\/em><\/p>\n<p><em><strong><span>1.\u00a0Ekonomiski izdev\u012bgi: <\/span><\/strong><\/em>Nom\u0101jiet iek\u0101rtas tikai tad, kad t\u0101s jums ir nepiecie\u0161amas. Iek\u0101rtu nomas cena ir daudz zem\u0101ka nek\u0101 ieg\u0101des izmaksas.<\/p>\n<p><em><strong><span>2.\u00a0Izm\u0113\u0123iniet pirms ieg\u0101des: <\/span><\/strong>Ja jums ir domas par iek\u0101rtas vai ier\u012bces ieg\u0101di, s\u0101kum\u0101 nom\u0101jiet to, lai p\u0101rliecin\u0101tos, ka t\u0101 jums patie\u0161\u0101m ir vajadz\u012bga un ka t\u0101 atbilst j\u016bsu vajadz\u012bb\u0101m.<\/em><\/p>\n<p><em><strong><span>3.\u00a0Bez saist\u012bb\u0101m: <\/span><\/strong>Nav ilgtermi\u0146a l\u012bgumu vai saist\u012bbu. Nom\u0101jiet iek\u0101rtas un ier\u012bces tik ilgi, cik v\u0113laties.<\/em><\/p>\n<p><em><strong><span>4.\u00a0Pieejams pla\u0161s sortiments: <\/span><\/strong>M\u016bsu iek\u0101rtu nomas kl\u0101st\u0101 ir da\u017e\u0101du veidu iek\u0101rtas un ier\u012bces &#8211; no v\u0113sturiskiem l\u012bdz pat m\u016bsdienu tehniskaj\u0101m iek\u0101rt\u0101m.<\/em><\/p>\n<p>[\/et_pb_accordion_item][et_pb_accordion_item title=&#8221;Dzelzce\u013ca maketa noma.&#8221; open=&#8221;off&#8221; _builder_version=&#8221;4.4.6&#8243; hover_enabled=&#8221;0&#8243;]<\/p>\n<p><em><strong>M\u0113s pied\u0101v\u0101jam dzelzce\u013ca maketu H0 (1:87) nomu.<br \/> <\/strong><\/em>Dzelzce\u013ca maketa aptuvenie izm\u0113ri &#8211; 1,5m x 3m.<\/p>\n<p><span>\u00a0<\/span><\/p>\n<p><span><em><strong>\u00a0<\/strong><\/em><\/span><\/p>\n<p><span><\/span><\/p>\n<p><span><\/span><\/p>\n<p>[\/et_pb_accordion_item][et_pb_accordion_item title=&#8221;Dzelzce\u013ca luksoforu un ce\u013caz\u012bmju noma.&#8221; _builder_version=&#8221;4.4.6&#8243; hover_enabled=&#8221;0&#8243; open=&#8221;off&#8221;]<\/p>\n<p><span>\u00a0 \u00a0 1.<\/span><\/p>\n<p><span><\/span><\/p>\n<p><span><\/span><\/p>\n<p>[\/et_pb_accordion_item][et_pb_accordion_item title=&#8221;3D print\u0113\u0161ana&#8221; _builder_version=&#8221;4.4.6&#8243; open=&#8221;on&#8221;]<\/p>\n<p>3D printeriem ir daudz priek\u0161roc\u012bbu, un tos var izmantot vair\u0101d\u0101m nozar\u0113m un m\u0113r\u0137iem.<\/p>\n<p><img decoding=\"async\" loading=\"lazy\" src=\"http:\/\/vilcieni.lv\/wp-content\/uploads\/2023\/09\/3d_02-300x300.jpg\" width=\"300\" height=\"300\" alt=\"\" class=\"wp-image-138 alignnone size-medium\" style=\"display: block; margin-left: auto; margin-right: auto;\" \/><span style=\"font-size: 14px;\">\u00a0<\/span><span style=\"font-size: 14px;\">\u00a0<\/span><\/p>\n<p><em><strong>Piel\u0101goti dizaini un prototipi:<\/strong><\/em> 3D printeris \u013cauj izveidot piel\u0101gotus dizainus un prototipus. Tas ir noder\u012bgs r\u016bpniec\u012bbas dizaineriem, in\u017eenieriem un m\u0101ksliniekiem, kuri var izveidot un test\u0113t savus produktu prototipus, pirms tos ra\u017eo masu m\u0113rog\u0101.<\/p>\n<p><span><img decoding=\"async\" loading=\"lazy\" src=\"http:\/\/vilcieni.lv\/wp-content\/uploads\/2023\/09\/3d_01-300x225.jpg\" width=\"300\" height=\"225\" alt=\"\" class=\"wp-image-139 alignnone size-medium\" style=\"display: block; margin-left: auto; margin-right: auto;\" \/><\/span><\/p>\n<p><em><strong>Izcili izgl\u012bt\u012bbas l\u012bdzek\u013ci:<\/strong><\/em> Skolot\u0101ji un studenti var izmantot 3D printerus, lai att\u012bst\u012btu izpratni par tr\u012bsdimension\u0101l\u0101m strukt\u016br\u0101m, in\u017eenieriju un rado\u0161o dizainu. Tas var uzlabot izgl\u012bt\u012bbas procesu un pal\u012bdz\u0113t studentiem att\u012bst\u012bt praktiskas prasmes.<\/p>\n<p>\u00a0<img decoding=\"async\" loading=\"lazy\" src=\"http:\/\/vilcieni.lv\/wp-content\/uploads\/2023\/09\/3d_04-300x300.jpg\" width=\"300\" height=\"300\" alt=\"\" class=\"wp-image-141 alignnone size-medium\" style=\"display: block; margin-left: auto; margin-right: auto;\" \/><\/p>\n<p><em style=\"font-size: 14px;\"><strong>Individu\u0101li izgatavoti priek\u0161meti:<\/strong><\/em><span style=\"font-size: 14px;\"> Ar 3D printeri j\u016bs varat izveidot personaliz\u0113tus priek\u0161metus, piem\u0113ram, rotaslietas, suven\u012brus, mobil\u0101 telefona v\u0101kus un daudz ko citu. Tas dod iesp\u0113ju rad\u012bt un dal\u012bties ar unik\u0101liem priek\u0161metiem.<\/span><\/p>\n<p><img decoding=\"async\" loading=\"lazy\" src=\"http:\/\/vilcieni.lv\/wp-content\/uploads\/2023\/09\/3d_03-300x300.jpg\" width=\"300\" height=\"300\" alt=\"\" class=\"wp-image-142 alignnone size-medium\" style=\"display: block; margin-left: auto; margin-right: auto;\" \/><span><\/span><\/p>\n<p><span><strong><em>Rado\u0161ums un inov\u0101cija:<\/em><\/strong> 3D drukas tehnolo\u0123ijas veicina rado\u0161umu un inov\u0101ciju, jo t\u0101s \u013cauj eksperiment\u0113t ar jaun\u0101m idej\u0101m un risin\u0101jumiem, ko var izmantot da\u017e\u0101d\u0101s nozar\u0113s.<\/span><\/p>\n<p>\u00a0<img decoding=\"async\" loading=\"lazy\" src=\"http:\/\/vilcieni.lv\/wp-content\/uploads\/2023\/09\/3d_05-300x225.jpg\" width=\"300\" height=\"225\" alt=\"\" class=\"wp-image-140 alignnone size-medium\" style=\"display: block; margin-left: auto; margin-right: auto;\" \/><\/p>\n<p>[\/et_pb_accordion_item][\/et_pb_accordion][\/et_pb_column][\/et_pb_row][\/et_pb_section][et_pb_section fb_built=&#8221;1&#8243; _builder_version=&#8221;4.4.6&#8243;][et_pb_row _builder_version=&#8221;4.4.6&#8243;][et_pb_column type=&#8221;4_4&#8243; _builder_version=&#8221;4.4.6&#8243;][\/et_pb_column][\/et_pb_row][\/et_pb_section][et_pb_section fb_built=&#8221;1&#8243; _builder_version=&#8221;4.4.6&#8243;][et_pb_row _builder_version=&#8221;4.4.6&#8243;][et_pb_column type=&#8221;4_4&#8243; _builder_version=&#8221;4.4.6&#8243;][\/et_pb_column][\/et_pb_row][\/et_pb_section]<\/p>\n","protected":false},"excerpt":{"rendered":"<p>[et_pb_section fb_built=&#8221;1&#8243; _builder_version=&#8221;4.4.6&#8243;][et_pb_row _builder_version=&#8221;4.4.6&#8243;][et_pb_column type=&#8221;4_4&#8243; _builder_version=&#8221;4.4.6&#8243;][et_pb_text _builder_version=&#8221;4.4.6&#8243; header_text_align=&#8221;center&#8221; text_orientation=&#8221;center&#8221; custom_padding=&#8221;||0px|||&#8221;] SIA &#8220;VILCIENI&#8221; iek\u0101rtu noma: [\/et_pb_text][et_pb_accordion _builder_version=&#8221;4.4.6&#8243; toggle_level=&#8221;h2&#8243; hover_enabled=&#8221;0&#8243;][et_pb_accordion_item title=&#8221;SIA %22VILCIENI%22 iek\u0101rtu noma.&#8221; _builder_version=&#8221;4.4.6&#8243; open=&#8221;off&#8221;] M\u0113s pied\u0101v\u0101jam risin\u0101jumus, kas ietaup\u012bs j\u016bsu naudu un laiku. SIA &#8220;Vilcieni&#8221; pie\u0101v\u0101 iek\u0101rtu un ier\u012b\u010du nomas pakalpojums, lai pal\u012bdz\u0113tu Jums viegli un ekonomiski sasniegt savus m\u0113r\u0137us. Aizmirstiet par ieg\u0101des un ekspluat\u0101cijas [&hellip;]<\/p>\n","protected":false},"author":1,"featured_media":0,"parent":0,"menu_order":0,"comment_status":"closed","ping_status":"closed","template":"","meta":{"_et_pb_use_builder":"on","_et_pb_old_content":"","_et_gb_content_width":"","footnotes":""},"_links":{"self":[{"href":"https:\/\/vilcieni.lv\/index.php?rest_route=\/wp\/v2\/pages\/160"}],"collection":[{"href":"https:\/\/vilcieni.lv\/index.php?rest_route=\/wp\/v2\/pages"}],"about":[{"href":"https:\/\/vilcieni.lv\/index.php?rest_route=\/wp\/v2\/types\/page"}],"author":[{"embeddable":true,"href":"https:\/\/vilcieni.lv\/index.php?rest_route=\/wp\/v2\/users\/1"}],"replies":[{"embeddable":true,"href":"https:\/\/vilcieni.lv\/index.php?rest_route=%2Fwp%2Fv2%2Fcomments&post=160"}],"version-history":[{"count":7,"href":"https:\/\/vilcieni.lv\/index.php?rest_route=\/wp\/v2\/pages\/160\/revisions"}],"predecessor-version":[{"id":168,"href":"https:\/\/vilcieni.lv\/index.php?rest_route=\/wp\/v2\/pages\/160\/revisions\/168"}],"wp:attachment":[{"href":"https:\/\/vilcieni.lv\/index.php?rest_route=%2Fwp%2Fv2%2Fmedia&parent=160"}],"curies":[{"name":"wp","href":"https:\/\/api.w.org\/{rel}","templated":true}]}}