{"id":110,"date":"2023-09-25T16:13:57","date_gmt":"2023-09-25T14:13:57","guid":{"rendered":"https:\/\/vilcieni.lv\/?page_id=110"},"modified":"2023-10-28T15:19:19","modified_gmt":"2023-10-28T13:19:19","slug":"sia-vilcieni-piedava","status":"publish","type":"page","link":"https:\/\/vilcieni.lv\/","title":{"rendered":"SIA &#8220;VILCIENI&#8221; pied\u0101v\u0101:"},"content":{"rendered":"<p>[et_pb_section fb_built=&#8221;1&#8243; _builder_version=&#8221;4.4.6&#8243;][et_pb_row _builder_version=&#8221;4.4.6&#8243;][et_pb_column type=&#8221;4_4&#8243; _builder_version=&#8221;4.4.6&#8243;][et_pb_text _builder_version=&#8221;4.4.6&#8243; header_text_align=&#8221;center&#8221; text_orientation=&#8221;center&#8221; custom_padding=&#8221;||0px|||&#8221;]<\/p>\n<h1 style=\"text-align: center;\">SIA &#8220;VILCIENI&#8221; pied\u0101v\u0101:<\/h1>\n<p>[\/et_pb_text][et_pb_accordion _builder_version=&#8221;4.4.6&#8243; toggle_level=&#8221;h2&#8243; hover_enabled=&#8221;0&#8243;][et_pb_accordion_item title=&#8221;SIA %22Vilcieni%22 pied\u0101v\u0101:&#8221; open=&#8221;off&#8221; _builder_version=&#8221;4.4.6&#8243;]<\/p>\n<ul>\n<li>Maketu un dior\u0101mu b\u016bvniec\u012bba;<\/li>\n<li>Dzelzce\u013ca mode\u013cu izgatavo\u0161ana;<\/li>\n<li>Tematiskas noz\u012bm\u012btes (kr\u016b\u0161u piespraudes);<\/li>\n<li>3D print\u0113\u0161ana;<\/li>\n<li>Iek\u0101rtu un ier\u012b\u010du noma;<\/li>\n<li>Individu\u0101la apm\u0101c\u012bba;<\/li>\n<li>Tematisk\u0101s nodarb\u012bbas;<\/li>\n<li>Grupu apm\u0101c\u012bbas;<\/li>\n<li>Konsult\u0101cijas;<\/li>\n<\/ul>\n<p>[\/et_pb_accordion_item][et_pb_accordion_item title=&#8221;Maketu un dior\u0101mu b\u016bvniec\u012bba.&#8221; _builder_version=&#8221;4.4.6&#8243; open=&#8221;off&#8221;]<\/p>\n<p><em><strong>M\u0113s izstr\u0101d\u0101j\u0101m maketus un dioramas p\u0113c individu\u0101l\u0101 pas\u016bt\u012bjuma.<br \/> <\/strong><\/em>Dzelzce\u013ca maketa izveido\u0161ana ir interesanta un rado\u0161a aktivit\u0101te, kas ietver sekojo\u0161us so\u013cus:<br \/> <em><strong>1.<\/strong><strong>\u00a0Nosaukums:<\/strong><\/em> viss s\u0101kas ar saisto\u0161u nosaukumu projektam. Tas var b\u016bt vienk\u0101r\u0161s, bet informat\u012bvs, piem\u0113ram, <em><strong>&#8220;Dzelzce\u013ca l\u012bnijas &#8220;R\u012bga &#8211; \u0112rg\u013ci&#8221; makets&#8221;<\/strong><\/em>.<br \/> <em><strong>2.\u00a0M\u0113r\u0137is:<\/strong><\/em> izvirz\u012bt galvenos m\u0113r\u0137us, ko v\u0113laties sasniegt, veidojot dzelzce\u013ca maketu. Piem\u0113ram &#8211; v\u0113laties rad\u012bt autentisku ainavu, k\u0101d\u0101 konkr\u0113t\u0101 laikmet\u0101.<br \/> <em><strong>3.\u00a0Pl\u0101ns un materi\u0101li:<\/strong><\/em> J\u0101sastada pl\u0101ns, soli pa solim, lai izveidotu dzelzce\u013ca maketu. J\u0101ietver inform\u0101ciju par nepiecie\u0161amajiem materi\u0101liem un r\u012bkiem.<br \/> <em><strong>4.\u00a0Tehnisk\u0101 inform\u0101cija:<\/strong><\/em> Ja j\u016bsu dzelzce\u013ca makets ir specifisk\u0101s t\u0113mas vai laikmet\u0101, j\u0101iek\u013cauj tehniskus aspektus un svar\u012bgus faktus.<br \/> <em><strong>5. Att\u0113li:<\/strong><\/em> Pievienojiet v\u0113sturiskus un m\u016bsdienu att\u0113lus j\u016bsu dzelzce\u013ca maketa pl\u0101nam. Att\u0113li pal\u012bdz\u0113s vizualiz\u0113t projektu un padar\u012bs maketu vai dioramu tuvu \u012bsten\u012bbai.<\/p>\n<p style=\"text-align: center;\"><img decoding=\"async\" loading=\"lazy\" src=\"http:\/\/vilcieni.lv\/wp-content\/uploads\/2023\/09\/R_Ergli01-300x213.png\" width=\"300\" height=\"213\" alt=\"\" class=\"wp-image-120 alignnone size-medium\" \/><\/p>\n<p style=\"text-align: center;\"><img decoding=\"async\" loading=\"lazy\" src=\"http:\/\/vilcieni.lv\/wp-content\/uploads\/2023\/09\/R_Ergli02-300x207.png\" width=\"300\" height=\"207\" alt=\"\" class=\"wp-image-121 alignnone size-medium\" \/><\/p>\n<p><em><strong>Makets<\/strong><\/em><span>\u00a0ir m\u0101ksl\u012bga vai samazin\u0101ta replika, kas tiek izmantota, lai atveidotu k\u0101du \u012bsto objektu, vietu vai sist\u0113mu, lai izp\u0113t\u012btu, izgl\u012btotu vai demonstr\u0113tu konkr\u0113tus aspektus vai dizainu.<\/span><\/p>\n<p><span><img decoding=\"async\" loading=\"lazy\" src=\"http:\/\/vilcieni.lv\/wp-content\/uploads\/2023\/09\/Gulbene_makets5-300x225.jpg\" width=\"300\" height=\"225\" alt=\"\" class=\"wp-image-90 alignnone size-medium\" style=\"display: block; margin-left: auto; margin-right: auto;\" \/><\/span><\/p>\n<p><span><em><strong>Diorama<\/strong><\/em>\u00a0ir ainava, kas tiek izveidota, lai att\u0113lotu konkr\u0113tu vietu, notikumu vai situ\u0101ciju.<\/span><\/p>\n<p><span><img decoding=\"async\" loading=\"lazy\" src=\"http:\/\/vilcieni.lv\/wp-content\/uploads\/2023\/04\/uzberums_03-300x146.jpg\" width=\"300\" height=\"146\" alt=\"\" class=\"wp-image-28 alignnone size-medium\" style=\"display: block; margin-left: auto; margin-right: auto;\" srcset=\"https:\/\/vilcieni.lv\/wp-content\/uploads\/2023\/04\/uzberums_03-300x146.jpg 300w, https:\/\/vilcieni.lv\/wp-content\/uploads\/2023\/04\/uzberums_03-768x373.jpg 768w, https:\/\/vilcieni.lv\/wp-content\/uploads\/2023\/04\/uzberums_03.jpg 960w\" sizes=\"(max-width: 300px) 100vw, 300px\" \/><\/span><\/p>\n<p>[\/et_pb_accordion_item][et_pb_accordion_item title=&#8221;Dzelzce\u013ca mode\u013cu izgatavo\u0161ana.&#8221; _builder_version=&#8221;4.4.6&#8243; open=&#8221;off&#8221;]<\/p>\n<p><em><strong>M\u0113s izgatavojam mode\u013cus p\u0113c individu\u0101l\u0101 pas\u016bt\u012bjuma.<br \/> <\/strong><\/em>Dzelzce\u013ca mode\u013ci ir m\u0113roga dzelzce\u013ca sist\u0113mu replikas, kas ir izmantotas izgl\u012bt\u012bbai, izp\u0113tei, izklaidei vai hobijam.<\/p>\n<p><span><img decoding=\"async\" loading=\"lazy\" src=\"http:\/\/vilcieni.lv\/wp-content\/uploads\/2023\/04\/penydarren-300x199.jpg\" width=\"300\" height=\"199\" alt=\"\" class=\"wp-image-24 alignnone size-medium\" style=\"display: block; margin-left: auto; margin-right: auto;\" srcset=\"https:\/\/vilcieni.lv\/wp-content\/uploads\/2023\/04\/penydarren-300x199.jpg 300w, https:\/\/vilcieni.lv\/wp-content\/uploads\/2023\/04\/penydarren-768x510.jpg 768w, https:\/\/vilcieni.lv\/wp-content\/uploads\/2023\/04\/penydarren.jpg 960w\" sizes=\"(max-width: 300px) 100vw, 300px\" \/><\/span><\/p>\n<p><span><em><strong><img decoding=\"async\" loading=\"lazy\" src=\"http:\/\/vilcieni.lv\/wp-content\/uploads\/2023\/04\/rocket-300x199.jpg\" width=\"300\" height=\"199\" alt=\"\" class=\"wp-image-25 alignnone size-medium\" style=\"display: block; margin-left: auto; margin-right: auto;\" srcset=\"https:\/\/vilcieni.lv\/wp-content\/uploads\/2023\/04\/rocket-300x199.jpg 300w, https:\/\/vilcieni.lv\/wp-content\/uploads\/2023\/04\/rocket-768x510.jpg 768w, https:\/\/vilcieni.lv\/wp-content\/uploads\/2023\/04\/rocket.jpg 960w\" sizes=\"(max-width: 300px) 100vw, 300px\" \/><\/strong><\/em><\/span><\/p>\n<p><span><\/span><\/p>\n<p><span><\/span><\/p>\n<p>[\/et_pb_accordion_item][et_pb_accordion_item title=&#8221;Tematiskas noz\u012bm\u012btes (kr\u016b\u0161u piespraudes).&#8221; _builder_version=&#8221;4.4.6&#8243; open=&#8221;off&#8221;]<\/p>\n<p><span>\u00a0\u00a0\u00a0\u00a0<img decoding=\"async\" loading=\"lazy\" src=\"http:\/\/vilcieni.lv\/wp-content\/uploads\/2023\/09\/nozimites_01-300x225.jpg\" width=\"300\" height=\"225\" alt=\"\" class=\"wp-image-132 alignnone size-medium\" \/><\/span><\/p>\n<p><span>Tematiskas noz\u012bm\u012btes (kr\u016b\u0161u piespraudes) b\u0113rnu pas\u0101kumiem, korprat\u012bviem pas\u0101kumiem, k\u0101z\u0101m vai ar J\u016bsu logotipu.<\/span><\/p>\n<p><span><img decoding=\"async\" loading=\"lazy\" src=\"http:\/\/vilcieni.lv\/wp-content\/uploads\/2023\/09\/nozimites_02-300x225.jpg\" width=\"300\" height=\"225\" alt=\"\" class=\"wp-image-131 alignnone size-medium\" \/><br \/> Izgatavojam p\u0113c individu\u0101la dizaina, vai p\u0113c noteiktas tematikas.<\/span><\/p>\n<p><span><img decoding=\"async\" loading=\"lazy\" src=\"http:\/\/vilcieni.lv\/wp-content\/uploads\/2023\/09\/nozimites_04-300x225.jpg\" width=\"300\" height=\"225\" alt=\"\" class=\"wp-image-129 alignnone size-medium\" \/><br \/> Iesp\u0113ja izgatavot ar\u012b personaliz\u0113tas noz\u012bm\u012btes ar v\u0101rdiem, vai amatiem, savu z\u012bm\u0113jumu vai logotipu.<\/span><\/p>\n<p><span><img decoding=\"async\" loading=\"lazy\" src=\"http:\/\/vilcieni.lv\/wp-content\/uploads\/2023\/09\/nozimites_05-300x225.jpg\" width=\"300\" height=\"225\" alt=\"\" class=\"wp-image-128 alignnone size-medium\" \/><br \/> Ir pieejami da\u017e\u0101di izm\u0113ri &#8211; 25mm, 37mm vai 44mm.<\/span><\/p>\n<p><span><img decoding=\"async\" loading=\"lazy\" src=\"http:\/\/vilcieni.lv\/wp-content\/uploads\/2023\/09\/nozimites_03-300x225.jpg\" width=\"300\" height=\"225\" alt=\"\" class=\"wp-image-130 alignnone size-medium\" \/><br \/> Cenas:<br \/> 0,50 par 25mm,<br \/> 0,90 par 37mm,<br \/> 1,00 par 44mm.<\/span><\/p>\n<p><span><br \/> Ir iesp\u0113ja izgatavot ar\u012b lielus apjomus k\u0101z\u0101m, korporat\u012bviem, skolas vai sporta pas\u0101kumiem.<\/span><\/p>\n<p>[\/et_pb_accordion_item][et_pb_accordion_item title=&#8221;3D print\u0113\u0161ana.&#8221; _builder_version=&#8221;4.4.6&#8243; open=&#8221;off&#8221;]<\/p>\n<p>3D printeriem ir daudz priek\u0161roc\u012bbu, un tos var izmantot vair\u0101d\u0101m nozar\u0113m un m\u0113r\u0137iem.<\/p>\n<p><img decoding=\"async\" loading=\"lazy\" src=\"http:\/\/vilcieni.lv\/wp-content\/uploads\/2023\/09\/3d_02-300x300.jpg\" width=\"300\" height=\"300\" alt=\"\" class=\"wp-image-138 alignnone size-medium\" style=\"display: block; margin-left: auto; margin-right: auto;\" \/><span style=\"font-size: 14px;\">\u00a0<\/span><span style=\"font-size: 14px;\">\u00a0<\/span><\/p>\n<p><em><strong>Piel\u0101goti dizaini un prototipi:<\/strong><\/em> 3D printeris \u013cauj izveidot piel\u0101gotus dizainus un prototipus. Tas ir noder\u012bgs r\u016bpniec\u012bbas dizaineriem, in\u017eenieriem un m\u0101ksliniekiem, kuri var izveidot un test\u0113t savus produktu prototipus, pirms tos ra\u017eo masu m\u0113rog\u0101.<\/p>\n<p><span><img decoding=\"async\" loading=\"lazy\" src=\"http:\/\/vilcieni.lv\/wp-content\/uploads\/2023\/09\/3d_01-300x225.jpg\" width=\"300\" height=\"225\" alt=\"\" class=\"wp-image-139 alignnone size-medium\" style=\"display: block; margin-left: auto; margin-right: auto;\" \/><\/span><\/p>\n<p><em><strong>Izcili izgl\u012bt\u012bbas l\u012bdzek\u013ci:<\/strong><\/em> Skolot\u0101ji un studenti var izmantot 3D printerus, lai att\u012bst\u012btu izpratni par tr\u012bsdimension\u0101l\u0101m strukt\u016br\u0101m, in\u017eenieriju un rado\u0161o dizainu. Tas var uzlabot izgl\u012bt\u012bbas procesu un pal\u012bdz\u0113t studentiem att\u012bst\u012bt praktiskas prasmes.<\/p>\n<p>\u00a0<img decoding=\"async\" loading=\"lazy\" src=\"http:\/\/vilcieni.lv\/wp-content\/uploads\/2023\/09\/3d_04-300x300.jpg\" width=\"300\" height=\"300\" alt=\"\" class=\"wp-image-141 alignnone size-medium\" style=\"display: block; margin-left: auto; margin-right: auto;\" \/><\/p>\n<p><em style=\"font-size: 14px;\"><strong>Individu\u0101li izgatavoti priek\u0161meti:<\/strong><\/em><span style=\"font-size: 14px;\"> Ar 3D printeri j\u016bs varat izveidot personaliz\u0113tus priek\u0161metus, piem\u0113ram, rotaslietas, suven\u012brus, mobil\u0101 telefona v\u0101kus un daudz ko citu. Tas dod iesp\u0113ju rad\u012bt un dal\u012bties ar unik\u0101liem priek\u0161metiem.<\/span><\/p>\n<p><img decoding=\"async\" loading=\"lazy\" src=\"http:\/\/vilcieni.lv\/wp-content\/uploads\/2023\/09\/3d_03-300x300.jpg\" width=\"300\" height=\"300\" alt=\"\" class=\"wp-image-142 alignnone size-medium\" style=\"display: block; margin-left: auto; margin-right: auto;\" \/><span><\/span><\/p>\n<p><span><strong><em>Rado\u0161ums un inov\u0101cija:<\/em><\/strong> 3D drukas tehnolo\u0123ijas veicina rado\u0161umu un inov\u0101ciju, jo t\u0101s \u013cauj eksperiment\u0113t ar jaun\u0101m idej\u0101m un risin\u0101jumiem, ko var izmantot da\u017e\u0101d\u0101s nozar\u0113s.<\/span><\/p>\n<p>\u00a0<img decoding=\"async\" loading=\"lazy\" src=\"http:\/\/vilcieni.lv\/wp-content\/uploads\/2023\/09\/3d_05-300x225.jpg\" width=\"300\" height=\"225\" alt=\"\" class=\"wp-image-140 alignnone size-medium\" style=\"display: block; margin-left: auto; margin-right: auto;\" \/><\/p>\n<p>[\/et_pb_accordion_item][et_pb_accordion_item title=&#8221;Iek\u0101rtu un ier\u012b\u010du noma.&#8221; _builder_version=&#8221;4.4.6&#8243; hover_enabled=&#8221;0&#8243; open=&#8221;off&#8221;]<\/p>\n<p><em><strong><span>M\u0113s pied\u0101v\u0101jam risin\u0101jumus, kas ietaup\u012bs j\u016bsu naudu un laiku.<\/span><\/strong><\/em><\/p>\n<p><em><strong><span>SIA \u201cVilcieni\u201d pie\u0101v\u0101 iek\u0101rtu un ier\u012b\u010du nomas pakalpojums, lai pal\u012bdz\u0113tu Jums viegli un ekonomiski sasniegt savus m\u0113r\u0137us.<\/span><\/strong><\/em><\/p>\n<p><em><strong><span>Aizmirstiet par ieg\u0101des un ekspluat\u0101cijas izdevumiem \u2013 tagad j\u016bs varat nom\u0101t iek\u0101rtas un ier\u012bces, kad t\u0101s jums tie\u0161\u0101m ir nepiecie\u0161amas.<\/span><br \/> <\/strong><\/em><\/p>\n<p><em><strong><span>1.\u00a0Ekonomiski izdev\u012bgi:\u00a0<\/span><\/strong><\/em>Nom\u0101jiet iek\u0101rtas tikai tad, kad t\u0101s jums ir nepiecie\u0161amas. Iek\u0101rtu nomas cena ir daudz zem\u0101ka nek\u0101 ieg\u0101des izmaksas.<\/p>\n<p><em><strong><span>2.\u00a0Izm\u0113\u0123iniet pirms ieg\u0101des:\u00a0<\/span><\/strong>Ja jums ir domas par iek\u0101rtas vai ier\u012bces ieg\u0101di, s\u0101kum\u0101 nom\u0101jiet to, lai p\u0101rliecin\u0101tos, ka t\u0101 jums patie\u0161\u0101m ir vajadz\u012bga un ka t\u0101 atbilst j\u016bsu vajadz\u012bb\u0101m.<\/em><\/p>\n<p><em><strong><span>3.\u00a0Bez saist\u012bb\u0101m:\u00a0<\/span><\/strong>Nav ilgtermi\u0146a l\u012bgumu vai saist\u012bbu. Nom\u0101jiet iek\u0101rtas un ier\u012bces tik ilgi, cik v\u0113laties.<\/em><\/p>\n<p><em><strong><span>4.\u00a0Pieejams pla\u0161s sortiments:\u00a0<\/span><\/strong>M\u016bsu iek\u0101rtu nomas kl\u0101st\u0101 ir da\u017e\u0101du veidu iek\u0101rtas un ier\u012bces \u2013 no v\u0113sturiskiem l\u012bdz pat m\u016bsdienu tehniskaj\u0101m iek\u0101rt\u0101m.<\/em><\/p>\n<p><em>Vair\u0101k inform\u0101cijas sada\u013c\u0101 &#8211; Iek\u0101rtu noma!<\/em><\/p>\n<p><em><img decoding=\"async\" loading=\"lazy\" src=\"http:\/\/vilcieni.lv\/wp-content\/uploads\/2023\/10\/vilcieni_Luks01-300x200.jpg\" width=\"300\" height=\"200\" alt=\"\" class=\"wp-image-192 alignnone size-medium\" \/> <img decoding=\"async\" loading=\"lazy\" src=\"http:\/\/vilcieni.lv\/wp-content\/uploads\/2023\/10\/vilcieni_Luks02-300x200.jpg\" width=\"300\" height=\"200\" alt=\"\" class=\"wp-image-193 alignnone size-medium\" \/><\/em><\/p>\n<p>[\/et_pb_accordion_item][et_pb_accordion_item title=&#8221;Individu\u0101la apm\u0101c\u012bba.&#8221; _builder_version=&#8221;4.4.6&#8243; open=&#8221;off&#8221;]<\/p>\n<p>.<\/p>\n<p>[\/et_pb_accordion_item][et_pb_accordion_item title=&#8221;Tematisk\u0101s nodarb\u012bbas.&#8221; _builder_version=&#8221;4.4.6&#8243; hover_enabled=&#8221;0&#8243; open=&#8221;on&#8221;]<\/p>\n<p>Pied\u0101v\u0101jam <em><strong>Tematisk\u0101s nodarb\u012bbas<\/strong><\/em> b\u0113rniem un b\u0113rnu grup\u0101m.<\/p>\n<p>\u00a0<img decoding=\"async\" loading=\"lazy\" src=\"http:\/\/vilcieni.lv\/wp-content\/uploads\/2023\/10\/vilcieni_darbnica01-225x300.jpg\" width=\"225\" height=\"300\" alt=\"\" class=\"wp-image-182 alignnone size-medium\" \/><\/p>\n<p>Iesp\u0113ja organiz\u0113t tematisk\u0101s nodarb\u012bbas b\u0113rnu vai korporat\u012bvo pas\u0101kumu ietvaros.<\/p>\n<p><img decoding=\"async\" loading=\"lazy\" src=\"http:\/\/vilcieni.lv\/wp-content\/uploads\/2023\/10\/vilcieni_nodarbibas02-300x200.jpg\" width=\"300\" height=\"200\" alt=\"\" class=\"wp-image-186 alignnone size-medium\" \/><\/p>\n<p>Katra tematisk\u0101 nodarb\u012bba tiek r\u016bp\u012bgi gatavota un saska\u0146ota ar pas\u016bt\u012bt\u0101ju.<\/p>\n<p><img decoding=\"async\" loading=\"lazy\" src=\"http:\/\/vilcieni.lv\/wp-content\/uploads\/2023\/10\/vilcieni_nodarbibas01-300x200.jpg\" width=\"300\" height=\"200\" alt=\"\" class=\"wp-image-185 alignnone size-medium\" \/><\/p>\n<p>Pl\u0101nojot tematisk\u0101s nodarb\u012bbas tiek \u0146emts v\u0113r\u0101:<\/p>\n<ul>\n<li>B\u0113rnu vecums;<\/li>\n<li>B\u0113rnu skaits;<\/li>\n<li>B\u0113rnu intereses un pas\u0101kuma temats;<\/li>\n<li>V\u0113lamais nodarb\u012bbas ilgums;<\/li>\n<li>Pas\u0101kumam atv\u0113l\u0113tais finans\u0113jums.<\/li>\n<\/ul>\n<p><img decoding=\"async\" loading=\"lazy\" src=\"http:\/\/vilcieni.lv\/wp-content\/uploads\/2023\/10\/vilcieni_nodarbibas04-300x200.jpg\" width=\"300\" height=\"200\" alt=\"\" class=\"wp-image-188 alignnone size-medium\" \/><\/p>\n<p>Organiz\u0113jot tematisko nodarb\u012bbu m\u0113s par\u016bp\u0113jamies par visiem nepiecie\u0161amiem materi\u0101liem un instrumentiem.<\/p>\n<p><img decoding=\"async\" loading=\"lazy\" src=\"http:\/\/vilcieni.lv\/wp-content\/uploads\/2023\/10\/vilcieni_darbnica03-300x215.jpg\" width=\"300\" height=\"215\" alt=\"\" class=\"wp-image-190 alignnone size-medium\" \/><\/p>\n<p>[\/et_pb_accordion_item][et_pb_accordion_item title=&#8221;Grupu apm\u0101c\u012bbas.&#8221; _builder_version=&#8221;4.4.6&#8243; open=&#8221;off&#8221;]<\/p>\n<p>.<\/p>\n<p>[\/et_pb_accordion_item][et_pb_accordion_item title=&#8221;Konsult\u0101cijas.&#8221; _builder_version=&#8221;4.4.6&#8243; open=&#8221;off&#8221;]<\/p>\n<p>.<\/p>\n<p>[\/et_pb_accordion_item][\/et_pb_accordion][\/et_pb_column][\/et_pb_row][\/et_pb_section][et_pb_section fb_built=&#8221;1&#8243; _builder_version=&#8221;4.4.6&#8243;][et_pb_row _builder_version=&#8221;4.4.6&#8243;][et_pb_column type=&#8221;4_4&#8243; _builder_version=&#8221;4.4.6&#8243;][et_pb_image src=&#8221;http:\/\/vilcieni.lv\/wp-content\/uploads\/2023\/09\/Gulbene_makets5-300&#215;225-1.jpg&#8221; _builder_version=&#8221;4.4.6&#8243;][\/et_pb_image][\/et_pb_column][\/et_pb_row][\/et_pb_section][et_pb_section fb_built=&#8221;1&#8243; _builder_version=&#8221;4.4.6&#8243;][et_pb_row _builder_version=&#8221;4.4.6&#8243;][et_pb_column type=&#8221;4_4&#8243; _builder_version=&#8221;4.4.6&#8243;][\/et_pb_column][\/et_pb_row][\/et_pb_section]<\/p>\n","protected":false},"excerpt":{"rendered":"<p>[et_pb_section fb_built=&#8221;1&#8243; _builder_version=&#8221;4.4.6&#8243;][et_pb_row _builder_version=&#8221;4.4.6&#8243;][et_pb_column type=&#8221;4_4&#8243; _builder_version=&#8221;4.4.6&#8243;][et_pb_text _builder_version=&#8221;4.4.6&#8243; header_text_align=&#8221;center&#8221; text_orientation=&#8221;center&#8221; custom_padding=&#8221;||0px|||&#8221;] SIA &#8220;VILCIENI&#8221; pied\u0101v\u0101: [\/et_pb_text][et_pb_accordion _builder_version=&#8221;4.4.6&#8243; toggle_level=&#8221;h2&#8243; hover_enabled=&#8221;0&#8243;][et_pb_accordion_item title=&#8221;SIA %22Vilcieni%22 pied\u0101v\u0101:&#8221; open=&#8221;off&#8221; _builder_version=&#8221;4.4.6&#8243;] Maketu un dior\u0101mu b\u016bvniec\u012bba; Dzelzce\u013ca mode\u013cu izgatavo\u0161ana; Tematiskas noz\u012bm\u012btes (kr\u016b\u0161u piespraudes); 3D print\u0113\u0161ana; Iek\u0101rtu un ier\u012b\u010du noma; Individu\u0101la apm\u0101c\u012bba; Tematisk\u0101s nodarb\u012bbas; Grupu apm\u0101c\u012bbas; Konsult\u0101cijas; [\/et_pb_accordion_item][et_pb_accordion_item title=&#8221;Maketu un dior\u0101mu b\u016bvniec\u012bba.&#8221; _builder_version=&#8221;4.4.6&#8243; open=&#8221;off&#8221;] M\u0113s izstr\u0101d\u0101j\u0101m [&hellip;]<\/p>\n","protected":false},"author":1,"featured_media":0,"parent":0,"menu_order":0,"comment_status":"closed","ping_status":"closed","template":"","meta":{"_et_pb_use_builder":"on","_et_pb_old_content":"","_et_gb_content_width":"","footnotes":""},"_links":{"self":[{"href":"https:\/\/vilcieni.lv\/index.php?rest_route=\/wp\/v2\/pages\/110"}],"collection":[{"href":"https:\/\/vilcieni.lv\/index.php?rest_route=\/wp\/v2\/pages"}],"about":[{"href":"https:\/\/vilcieni.lv\/index.php?rest_route=\/wp\/v2\/types\/page"}],"author":[{"embeddable":true,"href":"https:\/\/vilcieni.lv\/index.php?rest_route=\/wp\/v2\/users\/1"}],"replies":[{"embeddable":true,"href":"https:\/\/vilcieni.lv\/index.php?rest_route=%2Fwp%2Fv2%2Fcomments&post=110"}],"version-history":[{"count":22,"href":"https:\/\/vilcieni.lv\/index.php?rest_route=\/wp\/v2\/pages\/110\/revisions"}],"predecessor-version":[{"id":196,"href":"https:\/\/vilcieni.lv\/index.php?rest_route=\/wp\/v2\/pages\/110\/revisions\/196"}],"wp:attachment":[{"href":"https:\/\/vilcieni.lv\/index.php?rest_route=%2Fwp%2Fv2%2Fmedia&parent=110"}],"curies":[{"name":"wp","href":"https:\/\/api.w.org\/{rel}","templated":true}]}}